{"id":1291,"date":"2020-01-19T11:32:02","date_gmt":"2020-01-19T10:32:02","guid":{"rendered":"http:\/\/www.cdxp.cz\/?page_id=1291"},"modified":"2024-08-30T12:50:08","modified_gmt":"2024-08-30T10:50:08","slug":"ivory-coast-2020","status":"publish","type":"page","link":"https:\/\/www.cdxp.cz\/?page_id=1291","title":{"rendered":"Ivory Coast 2020"},"content":{"rendered":"\n<figure class=\"wp-block-image\"><img loading=\"lazy\" decoding=\"async\" width=\"640\" height=\"426\" src=\"https:\/\/www.cdxp.cz\/wp-content\/uploads\/2020\/01\/83097647_1091090671268126_6238905915492270080_n.jpg\" alt=\"\" class=\"wp-image-1300\" srcset=\"https:\/\/www.cdxp.cz\/wp-content\/uploads\/2020\/01\/83097647_1091090671268126_6238905915492270080_n.jpg 640w, https:\/\/www.cdxp.cz\/wp-content\/uploads\/2020\/01\/83097647_1091090671268126_6238905915492270080_n-300x200.jpg 300w\" sizes=\"auto, (max-width: 640px) 100vw, 640px\" \/><\/figure>\n\n\n\n<p><strong>Latest news<\/strong> you can find at the &nbsp;<strong>facebook Czech DX pedition group.<\/strong><\/p>\n\n\n\n<figure class=\"wp-block-image\"><img loading=\"lazy\" decoding=\"async\" width=\"410\" height=\"230\" src=\"https:\/\/www.cdxp.cz\/wp-content\/uploads\/2020\/01\/52533267_ivory_coast.gif.jpeg\" alt=\"\" class=\"wp-image-1293\" srcset=\"https:\/\/www.cdxp.cz\/wp-content\/uploads\/2020\/01\/52533267_ivory_coast.gif.jpeg 410w, https:\/\/www.cdxp.cz\/wp-content\/uploads\/2020\/01\/52533267_ivory_coast.gif-300x168.jpeg 300w\" sizes=\"auto, (max-width: 410px) 100vw, 410px\" \/><figcaption><em>       <\/em><\/figcaption><\/figure>\n\n\n\n<p><strong>Dates:<\/strong>&nbsp; Arrival : February 21th , Departure :March 01th<\/p>\n\n\n\n<p><strong>On air<\/strong>&nbsp;<strong>approx:<\/strong>&nbsp;limited\/building up February 22,23rd, full operation planned from 24th&nbsp;till 29th , dismantling on March 1st<\/p>\n\n\n\n<h5 class=\"wp-block-heading\"><strong>Call sign:<\/strong>&nbsp; TU5PCT <strong> (<\/strong>call sign might be changed later before the expedition<strong>)<\/strong><\/h5>\n\n\n\n<p><strong>Operators: <\/strong>Petr OK1BOA, Petr OK1FCJ, David OK6DJ<br><\/p>\n\n\n\n<p><strong>Operation modes: &nbsp;<\/strong>SSB, CW, RTTY (incl FT8)<\/p>\n\n\n\n<p><strong> Antennas:<\/strong><br>160 inverted L<br> 80 40 30 verticals<br>20\/17\/15\/12\/10    2 x Spiderbeam <br> 60 vertical<\/p>\n\n\n\n<p><strong>Tcvr <\/strong> + <strong>PA<\/strong>:<br>2 x K3, 1 x TS 570, 1x TS480   , 2 x PA JUMA, 1 x PA Expert<\/p>\n\n\n\n<p><strong>QSL<\/strong> via <strong>OK6DJ<\/strong>, OQRS, LOTW.<\/p>\n\n\n\n<p><strong>OK6DJ QRZ address<\/strong>: David Beran, Dolni Kamenice 55, Holysov 34562, Czech Republic.\n\nHelp us reach our goal. Donate the DXpedition via paypal. Do not forget to provide your NAME and CALLSIGN and Email when donating:\n\n<\/p>\n\n\n\n<p>E-mail:&nbsp;<strong><a href=\"mailto:antsat@atlas.cz\">antsat (at) atlas (dot) cz<\/a>&nbsp;<\/strong><\/p>\n\n\n\n<p><strong>BIG thank you to our great OM Mathurin TU5JZ for great help organizing above trip!<\/strong><\/p>\n\n\n<p><a href=\"http:\/\/dxtrophy.jimdo.com\" target=\"_blank\" rel=\"noopener noreferrer\"><img loading=\"lazy\" decoding=\"async\" class=\"alignnone wp-image-995 size-thumbnail\" src=\"http:\/\/www.cdxp.cz\/wp-content\/uploads\/2018\/02\/FB_IMG_1522230639548-150x150.jpg\" alt=\"\" width=\"150\" height=\"150\" srcset=\"https:\/\/www.cdxp.cz\/wp-content\/uploads\/2018\/02\/FB_IMG_1522230639548-150x150.jpg 150w, https:\/\/www.cdxp.cz\/wp-content\/uploads\/2018\/02\/FB_IMG_1522230639548-300x300.jpg 300w, https:\/\/www.cdxp.cz\/wp-content\/uploads\/2018\/02\/FB_IMG_1522230639548.jpg 720w\" sizes=\"auto, (max-width: 150px) 100vw, 150px\" \/><\/a><\/p>","protected":false},"excerpt":{"rendered":"<p>Latest news you can find at the &nbsp;facebook Czech DX pedition group. Dates:&nbsp; Arrival : February 21th , Departure :March 01th On air&nbsp;approx:&nbsp;limited\/building up February 22,23rd, full operation planned from 24th&nbsp;till 29th , dismantling on March 1st Call sign:&nbsp; TU5PCT (call sign might be changed later before the expedition) Operators: Petr OK1BOA, Petr OK1FCJ, David &hellip; <a href=\"https:\/\/www.cdxp.cz\/?page_id=1291\" class=\"more-link\">Pokra\u010dov\u00e1n\u00ed textu <span class=\"screen-reader-text\">Ivory Coast 2020<\/span> <span class=\"meta-nav\">&rarr;<\/span><\/a><\/p>\n","protected":false},"author":1,"featured_media":0,"parent":0,"menu_order":9,"comment_status":"closed","ping_status":"closed","template":"","meta":{"ngg_post_thumbnail":0,"footnotes":""},"class_list":["post-1291","page","type-page","status-publish","hentry"],"_links":{"self":[{"href":"https:\/\/www.cdxp.cz\/index.php?rest_route=\/wp\/v2\/pages\/1291","targetHints":{"allow":["GET"]}}],"collection":[{"href":"https:\/\/www.cdxp.cz\/index.php?rest_route=\/wp\/v2\/pages"}],"about":[{"href":"https:\/\/www.cdxp.cz\/index.php?rest_route=\/wp\/v2\/types\/page"}],"author":[{"embeddable":true,"href":"https:\/\/www.cdxp.cz\/index.php?rest_route=\/wp\/v2\/users\/1"}],"replies":[{"embeddable":true,"href":"https:\/\/www.cdxp.cz\/index.php?rest_route=%2Fwp%2Fv2%2Fcomments&post=1291"}],"version-history":[{"count":13,"href":"https:\/\/www.cdxp.cz\/index.php?rest_route=\/wp\/v2\/pages\/1291\/revisions"}],"predecessor-version":[{"id":1313,"href":"https:\/\/www.cdxp.cz\/index.php?rest_route=\/wp\/v2\/pages\/1291\/revisions\/1313"}],"wp:attachment":[{"href":"https:\/\/www.cdxp.cz\/index.php?rest_route=%2Fwp%2Fv2%2Fmedia&parent=1291"}],"curies":[{"name":"wp","href":"https:\/\/api.w.org\/{rel}","templated":true}]}}