{"id":1304,"date":"2020-01-18T14:07:09","date_gmt":"2020-01-18T13:07:09","guid":{"rendered":"http:\/\/www.cdxp.cz\/?page_id=1304"},"modified":"2020-01-18T14:07:45","modified_gmt":"2020-01-18T13:07:45","slug":"sponsors","status":"publish","type":"page","link":"https:\/\/www.cdxp.cz\/?page_id=1304","title":{"rendered":"Sponsors"},"content":{"rendered":"<p><a href=\"http:\/\/dxnews.com\"><img loading=\"lazy\" decoding=\"async\" class=\"aligncenter size-full wp-image-505\" src=\"http:\/\/www.cdxp.cz\/wp-content\/uploads\/2015\/12\/DXNews-logo.png\" alt=\"DXNews-logo\" width=\"537\" height=\"96\" srcset=\"https:\/\/www.cdxp.cz\/wp-content\/uploads\/2015\/12\/DXNews-logo.png 537w, https:\/\/www.cdxp.cz\/wp-content\/uploads\/2015\/12\/DXNews-logo-300x54.png 300w\" sizes=\"auto, (max-width: 537px) 100vw, 537px\" \/><\/a><\/p>\n<p><a href=\"http:\/\/www.mastrant.com\/en\" target=\"_blank\" rel=\"noopener noreferrer\"><img loading=\"lazy\" decoding=\"async\" class=\"aligncenter wp-image-408 size-medium\" src=\"http:\/\/www.cdxp.cz\/wp-content\/uploads\/2016\/11\/mastrant-e1478640040717.png\" alt=\"Screen Shot 2015-06-08 at 23.11.35\" width=\"300\" height=\"110\"><\/a><\/p>\n<p align=\"center\"><a href=\"http:\/\/www.mdxc.org\/\" target=\"_blank\" rel=\"noopener noreferrer\"><img loading=\"lazy\" decoding=\"async\" class=\"alignnone size-thumbnail wp-image-178\" src=\"http:\/\/www.cdxp.cz\/wp-content\/uploads\/2014\/03\/MDXC-150x150.gif\" alt=\"MDXC\" width=\"150\" height=\"150\" srcset=\"https:\/\/www.cdxp.cz\/wp-content\/uploads\/2014\/03\/MDXC-150x150.gif 150w, https:\/\/www.cdxp.cz\/wp-content\/uploads\/2014\/03\/MDXC-300x300.gif 300w\" sizes=\"auto, (max-width: 150px) 100vw, 150px\" \/><\/a><\/p>\n<p><a href=\"http:\/\/wp.cdxc.org\"><img loading=\"lazy\" decoding=\"async\" class=\"aligncenter size-full wp-image-139\" src=\"http:\/\/www.cdxp.cz\/wp-content\/uploads\/2014\/03\/clipperton.jpg\" alt=\"Clipperton DX Club\" width=\"150\" height=\"113\"><\/a><\/p>\n<p><a href=\"http:\/\/www.ladxg.no\" target=\"_blank\" rel=\"noopener noreferrer\"><img loading=\"lazy\" decoding=\"async\" class=\"aligncenter wp-image-1229 size-thumbnail\" src=\"http:\/\/www.cdxp.cz\/wp-content\/uploads\/2019\/09\/Screenshot-2019-09-17-at-09.24.37-150x150.png\" alt=\"\" width=\"150\" height=\"150\" srcset=\"https:\/\/www.cdxp.cz\/wp-content\/uploads\/2019\/09\/Screenshot-2019-09-17-at-09.24.37-150x150.png 150w, https:\/\/www.cdxp.cz\/wp-content\/uploads\/2019\/09\/Screenshot-2019-09-17-at-09.24.37-300x300.png 300w, https:\/\/www.cdxp.cz\/wp-content\/uploads\/2019\/09\/Screenshot-2019-09-17-at-09.24.37.png 412w\" sizes=\"auto, (max-width: 150px) 100vw, 150px\" \/><\/a><\/p>\n<p align=\"center\"><a href=\"http:\/\/www.cdxc.org.uk\" target=\"_blank\" rel=\"noopener noreferrer\"><br \/>\n<img loading=\"lazy\" decoding=\"async\" class=\"aligncenter wp-image-1122\" src=\"http:\/\/www.cdxp.cz\/wp-content\/uploads\/2018\/08\/CDXC-logo.jpg\" alt=\"\" width=\"261\" height=\"146\" srcset=\"https:\/\/www.cdxp.cz\/wp-content\/uploads\/2018\/08\/CDXC-logo.jpg 920w, https:\/\/www.cdxp.cz\/wp-content\/uploads\/2018\/08\/CDXC-logo-300x169.jpg 300w, https:\/\/www.cdxp.cz\/wp-content\/uploads\/2018\/08\/CDXC-logo-768x432.jpg 768w\" sizes=\"auto, (max-width: 261px) 100vw, 261px\" \/><\/a><\/p>\n<p align=\"center\"><a href=\"http:\/\/www.sedxc.org\" target=\"_blank\" rel=\"noopener noreferrer\"><img loading=\"lazy\" decoding=\"async\" class=\"aligncenter wp-image-1235 size-full\" src=\"http:\/\/www.cdxp.cz\/wp-content\/uploads\/2019\/09\/logoscanfinal.png\" alt=\"\" width=\"180\" height=\"180\" srcset=\"https:\/\/www.cdxp.cz\/wp-content\/uploads\/2019\/09\/logoscanfinal.png 180w, https:\/\/www.cdxp.cz\/wp-content\/uploads\/2019\/09\/logoscanfinal-150x150.png 150w\" sizes=\"auto, (max-width: 180px) 100vw, 180px\" \/><\/a><\/p>\n<p align=\"center\"><a href=\"http:\/\/www.eudxf.eu\" target=\"_blank\" rel=\"noopener noreferrer\"><img loading=\"lazy\" decoding=\"async\" class=\"aligncenter wp-image-1260 size-medium\" src=\"http:\/\/www.cdxp.cz\/wp-content\/uploads\/2019\/10\/Screenshot-2019-10-08-at-19.35.00-300x198.png\" alt=\"\" width=\"300\" height=\"198\" srcset=\"https:\/\/www.cdxp.cz\/wp-content\/uploads\/2019\/10\/Screenshot-2019-10-08-at-19.35.00-300x198.png 300w, https:\/\/www.cdxp.cz\/wp-content\/uploads\/2019\/10\/Screenshot-2019-10-08-at-19.35.00-768x506.png 768w, https:\/\/www.cdxp.cz\/wp-content\/uploads\/2019\/10\/Screenshot-2019-10-08-at-19.35.00.png 820w\" sizes=\"auto, (max-width: 300px) 100vw, 300px\" \/><\/a><\/p>\n<p align=\"center\"><a href=\"http:\/\/www.fedxp.com\" target=\"_blank\" rel=\"noopener noreferrer\"><img loading=\"lazy\" decoding=\"async\" class=\"aligncenter wp-image-1282 size-medium\" src=\"http:\/\/www.cdxp.cz\/wp-content\/uploads\/2019\/10\/Foundation_Logo1.jpg-300x162.png\" alt=\"\" width=\"300\" height=\"162\" srcset=\"https:\/\/www.cdxp.cz\/wp-content\/uploads\/2019\/10\/Foundation_Logo1.jpg-300x162.png 300w, https:\/\/www.cdxp.cz\/wp-content\/uploads\/2019\/10\/Foundation_Logo1.jpg-768x414.png 768w, https:\/\/www.cdxp.cz\/wp-content\/uploads\/2019\/10\/Foundation_Logo1.jpg.png 800w\" sizes=\"auto, (max-width: 300px) 100vw, 300px\" \/><\/a><\/p>\n<p align=\"center\"><strong>INDIVIDUAL SPONSORS  OVER 50 USD<\/strong><\/p>\n<p align=\"center\">\n<p>OK2EW, HB9FPM, HB9JOE, JA8UIV, OK5MM, OK2PDN, OM6KW, OM5ZW, OK1JR, OK1FPG, OK1MY, OK2PJM, JM1ESG, HP1XT, WI9WI, KN4NSL, AF3I, JA1BK, W6OU, K6JJ, OK1VK, KA5M,<\/p>\n<p align=\"center\"><strong>INDIVIDUAL SPONSORS  OVER 10 USD<\/strong><\/p>\n<p align=\"center\">\n<p> OK2PAY, OK2IT,DK2YL, DL8RB, OK2APY, OK1DWH, OK2DA, OK1TP, JA2NDQ, LU9FHF, LA7THA, OK1MPD OK1HRD OK1NYD, JA4DND, OK1VSH, E20WUE, OK2AF, N4II, JH5PXJ, OK7KM, HS1NGR, WX3P, KF7DS, N1FG, ZL3GAV, K3SX, W3HVY, AE0X, CT1ILT, WB5AAA, EI3HA, JG1DUZ,HA5MA, W1KDA, K6RO, NG7M, W3PLS, KB5FIO, W2DLT, W7DMC, AE0X, NM4O, NU1B, K8MDA, K2EJ, W7HR, K4ESE, OK1CZ, WT9U, W0OGH, AD8J, KF7DX, AC2G, VE3FZ, K5CS, KI4LPV, CT1FMX, K4GM, OM3CUG, VE3XN, AC2G, W5ZP, DJ3CQ,WA4EMU, AA4FF, K8CR, JA1XPQ,K5PS, EA8AXT, JA5AQC, N0FW, K4OY, KI5BLU, AC0W, JA9CHI, W9CSX, WA7BNG, NZ5O, KE7AZ, KB1AWM, WO2T, WM5H, N6DHZ,JF8QNF, JA1CUG, NC4RY, AK4AO, K1JX, W1SKU, K8EUR, K7TM, N4QM, JG7NIF, N6WS, W5TN, KD8TNF, K8DE, K5DC, W7WRJ, W3UryyryrS, NN5O, JA0EOK, K4GO, WB6RSE, RD4A, KE1VT, K9JN, W1KMA, NF1G, EA7ST, AA8SW, AA7UN, N4RWG, K6DDJ, W9HBH, WB2NPY, WD4EGF, KN4CFD, AI6DR,  K3SUI, W0ZAP, W5PD, G4UGB, K4WW, K7PI, W8QXR, K2UO, N8KUD, OS8A, ON8VK, IZ3KIF, W0SZ, JH1DGJ, K7QXG, JA3BXF, GU0SUP, KT4AC, W8KEN, IT9CWA, W0SZ, JH1DGJ, K7QXG, JA3BXF, GU0SUP, KT4AC, W8KEN, IT9CWA, WB8FVB, W0SZ, JH1DGJ, K7QXB, JA3BXF, GU0SUP, KT4AC, W8KEN, IT9CWA, WB8FVB, EA8ZT, W5HWU, KA1J, KB9PBM,K0XM, K7NN, WA2VYA, N5WA, N6FLO, WB6JHI, K7EDX,K4SO, JH1URT, OK1PI, K6CN, K4KSV, LA0FA, N6PCD, N3OUC, KE5XV, K4AV, ZS1XG, AC6MW, W4KVS,<\/p>\n","protected":false},"excerpt":{"rendered":"<p>INDIVIDUAL SPONSORS OVER 50 USD OK2EW, HB9FPM, HB9JOE, JA8UIV, OK5MM, OK2PDN, OM6KW, OM5ZW, OK1JR, OK1FPG, OK1MY, OK2PJM, JM1ESG, HP1XT, WI9WI, KN4NSL, AF3I, JA1BK, W6OU, K6JJ, OK1VK, KA5M, INDIVIDUAL SPONSORS OVER 10 USD OK2PAY, OK2IT,DK2YL, DL8RB, OK2APY, OK1DWH, OK2DA, OK1TP, JA2NDQ, LU9FHF, LA7THA, OK1MPD OK1HRD OK1NYD, JA4DND, OK1VSH, E20WUE, OK2AF, N4II, JH5PXJ, OK7KM, HS1NGR, WX3P, KF7DS, &hellip; <a href=\"https:\/\/www.cdxp.cz\/?page_id=1304\" class=\"more-link\">Pokra\u010dov\u00e1n\u00ed textu <span class=\"screen-reader-text\">Sponsors<\/span> <span class=\"meta-nav\">&rarr;<\/span><\/a><\/p>\n","protected":false},"author":1,"featured_media":0,"parent":1163,"menu_order":6,"comment_status":"closed","ping_status":"closed","template":"","meta":{"ngg_post_thumbnail":0,"footnotes":""},"class_list":["post-1304","page","type-page","status-publish","hentry"],"_links":{"self":[{"href":"https:\/\/www.cdxp.cz\/index.php?rest_route=\/wp\/v2\/pages\/1304","targetHints":{"allow":["GET"]}}],"collection":[{"href":"https:\/\/www.cdxp.cz\/index.php?rest_route=\/wp\/v2\/pages"}],"about":[{"href":"https:\/\/www.cdxp.cz\/index.php?rest_route=\/wp\/v2\/types\/page"}],"author":[{"embeddable":true,"href":"https:\/\/www.cdxp.cz\/index.php?rest_route=\/wp\/v2\/users\/1"}],"replies":[{"embeddable":true,"href":"https:\/\/www.cdxp.cz\/index.php?rest_route=%2Fwp%2Fv2%2Fcomments&post=1304"}],"version-history":[{"count":3,"href":"https:\/\/www.cdxp.cz\/index.php?rest_route=\/wp\/v2\/pages\/1304\/revisions"}],"predecessor-version":[{"id":1312,"href":"https:\/\/www.cdxp.cz\/index.php?rest_route=\/wp\/v2\/pages\/1304\/revisions\/1312"}],"up":[{"embeddable":true,"href":"https:\/\/www.cdxp.cz\/index.php?rest_route=\/wp\/v2\/pages\/1163"}],"wp:attachment":[{"href":"https:\/\/www.cdxp.cz\/index.php?rest_route=%2Fwp%2Fv2%2Fmedia&parent=1304"}],"curies":[{"name":"wp","href":"https:\/\/api.w.org\/{rel}","templated":true}]}}