{"id":222,"date":"2014-08-20T16:03:32","date_gmt":"2014-08-20T14:03:32","guid":{"rendered":"http:\/\/www.cdxp.cz\/?page_id=222"},"modified":"2024-08-30T12:46:27","modified_gmt":"2024-08-30T10:46:27","slug":"sint-eustatius-2014","status":"publish","type":"page","link":"https:\/\/www.cdxp.cz\/?page_id=222","title":{"rendered":"Sint Eustatius 2014"},"content":{"rendered":"<p><b>Czech DXpedition team\u00a0<\/b>moves 5V7 activity to 2015 and plans to visit PJ5<\/p>\n<p><span style=\"line-height: 1.5;\">\u00a0<\/span><span style=\"line-height: 1.5;\">\u00a0 \u00a0 \u00a0<\/span><a style=\"line-height: 1.5;\" href=\"http:\/\/www.cdxp.cz\/wp-content\/uploads\/2014\/08\/St_Eustatius_locator_f2.gif\"><img loading=\"lazy\" decoding=\"async\" class=\"alignnone size-thumbnail wp-image-226\" src=\"http:\/\/www.cdxp.cz\/wp-content\/uploads\/2014\/08\/St_Eustatius_locator_f2-150x150.gif\" alt=\"St_Eustatius_locator_f2\" width=\"150\" height=\"150\" \/><\/a><span style=\"line-height: 1.5;\">\u00a0 \u00a0 \u00a0 \u00a0<\/span><img loading=\"lazy\" decoding=\"async\" class=\"alignnone size-thumbnail wp-image-224\" style=\"line-height: 1.5;\" src=\"http:\/\/www.cdxp.cz\/wp-content\/uploads\/2014\/08\/st_eustatius_flag-150x150.png\" alt=\"st_eustatius_flag\" width=\"150\" height=\"150\" \/><\/p>\n<p><strong>Dates:<\/strong>\u00a0 Arrival : September 20th, late afternoon,\u00a0Departure : October 4th early morning<\/p>\n<p><span style=\"line-height: 1.5;\">Operators:<\/span><\/p>\n<p>OK6DJ David<br \/>\nOK1FCJ\/OL8R Petr<br \/>\nOK1FPS Pavel<\/p>\n<div>Antenna\/radio setup:<br \/>\n2 x Elecraft K3, 1 x Elecraft KX3, 2x PA, Antennas 2 x Spiderbeam incl WARC, 1 x vertical 40m-10m, 1 vertical 160\/80m + special RX ant for low bands.<\/div>\n<p>&nbsp;<\/p>\n<div>Activity:<br \/>\nSSB, CW, Digital including RTTY. CQ WW RTTY<\/div>\n<p>&nbsp;<\/p>\n<p>Help us reach our goal. Donate the DXpedition via paypal. Do not forget to provide your NAME and CALLSIGN and Email when donating:<\/p>\n<div>\n<p>E-mail:\u00a0<strong><a href=\"mailto:antsat@atlas.cz\">antsat (at) atlas (dot) cz<\/a><\/strong><\/p>\n<\/div>\n<p>&nbsp;<\/p>\n","protected":false},"excerpt":{"rendered":"<p>Czech DXpedition team\u00a0moves 5V7 activity to 2015 and plans to visit PJ5 \u00a0\u00a0 \u00a0 \u00a0\u00a0 \u00a0 \u00a0 \u00a0 Dates:\u00a0 Arrival : September 20th, late afternoon,\u00a0Departure : October 4th early morning Operators: OK6DJ David OK1FCJ\/OL8R Petr OK1FPS Pavel Antenna\/radio setup: 2 x Elecraft K3, 1 x Elecraft KX3, 2x PA, Antennas 2 x Spiderbeam incl WARC, &hellip; <a href=\"https:\/\/www.cdxp.cz\/?page_id=222\" class=\"more-link\">Pokra\u010dov\u00e1n\u00ed textu <span class=\"screen-reader-text\">Sint Eustatius 2014<\/span> <span class=\"meta-nav\">&rarr;<\/span><\/a><\/p>\n","protected":false},"author":1,"featured_media":0,"parent":0,"menu_order":17,"comment_status":"closed","ping_status":"closed","template":"","meta":{"ngg_post_thumbnail":0,"footnotes":""},"class_list":["post-222","page","type-page","status-publish","hentry"],"_links":{"self":[{"href":"https:\/\/www.cdxp.cz\/index.php?rest_route=\/wp\/v2\/pages\/222","targetHints":{"allow":["GET"]}}],"collection":[{"href":"https:\/\/www.cdxp.cz\/index.php?rest_route=\/wp\/v2\/pages"}],"about":[{"href":"https:\/\/www.cdxp.cz\/index.php?rest_route=\/wp\/v2\/types\/page"}],"author":[{"embeddable":true,"href":"https:\/\/www.cdxp.cz\/index.php?rest_route=\/wp\/v2\/users\/1"}],"replies":[{"embeddable":true,"href":"https:\/\/www.cdxp.cz\/index.php?rest_route=%2Fwp%2Fv2%2Fcomments&post=222"}],"version-history":[{"count":6,"href":"https:\/\/www.cdxp.cz\/index.php?rest_route=\/wp\/v2\/pages\/222\/revisions"}],"predecessor-version":[{"id":403,"href":"https:\/\/www.cdxp.cz\/index.php?rest_route=\/wp\/v2\/pages\/222\/revisions\/403"}],"wp:attachment":[{"href":"https:\/\/www.cdxp.cz\/index.php?rest_route=%2Fwp%2Fv2%2Fmedia&parent=222"}],"curies":[{"name":"wp","href":"https:\/\/api.w.org\/{rel}","templated":true}]}}