{"id":2377,"date":"2022-09-14T23:05:21","date_gmt":"2022-09-14T21:05:21","guid":{"rendered":"https:\/\/www.cdxp.cz\/?page_id=2377"},"modified":"2022-09-14T23:09:34","modified_gmt":"2022-09-14T21:09:34","slug":"tu5pct-sponsors-2022","status":"publish","type":"page","link":"https:\/\/www.cdxp.cz\/?page_id=2377","title":{"rendered":"TU5PCT sponsors 2022"},"content":{"rendered":"<p align=\"center\"><a href=\"http:\/\/www.fgc.or.jp\/english\/\" target=\"_blank\" rel=\"noopener noreferrer\"><img loading=\"lazy\" decoding=\"async\" class=\"aligncenter size-full wp-image-2258\" src=\"http:\/\/www.cdxp.cz\/wp-content\/uploads\/2021\/09\/SEISAFGC-e1632832765827.jpg\" alt=\"\" width=\"400\" height=\"277\"><\/a><\/p>\n<p><a href=\"http:\/\/www.mdxc.org\" target=\"_blank\" rel=\"noopener noreferrer\"><img loading=\"lazy\" decoding=\"async\" class=\"aligncenter size-thumbnail wp-image-178\" src=\"http:\/\/www.cdxp.cz\/wp-content\/uploads\/2014\/03\/MDXC-150x150.gif\" alt=\"MDXC\" width=\"150\" height=\"150\" srcset=\"https:\/\/www.cdxp.cz\/wp-content\/uploads\/2014\/03\/MDXC-150x150.gif 150w, https:\/\/www.cdxp.cz\/wp-content\/uploads\/2014\/03\/MDXC-300x300.gif 300w\" sizes=\"auto, (max-width: 150px) 100vw, 150px\" \/><\/a><\/p>\n<p align=\"center\"><a href=\"http:\/\/www.fedxp.com\" target=\"_blank\" rel=\"noopener noreferrer\"><img loading=\"lazy\" decoding=\"async\" class=\"aligncenter wp-image-1282 size-medium\" src=\"http:\/\/www.cdxp.cz\/wp-content\/uploads\/2019\/10\/Foundation_Logo1.jpg-300x162.png\" alt=\"\" width=\"300\" height=\"162\" srcset=\"https:\/\/www.cdxp.cz\/wp-content\/uploads\/2019\/10\/Foundation_Logo1.jpg-300x162.png 300w, https:\/\/www.cdxp.cz\/wp-content\/uploads\/2019\/10\/Foundation_Logo1.jpg-768x414.png 768w, https:\/\/www.cdxp.cz\/wp-content\/uploads\/2019\/10\/Foundation_Logo1.jpg.png 800w\" sizes=\"auto, (max-width: 300px) 100vw, 300px\" \/><\/a><\/p>\n<p><a href=\"https:\/\/cdxc.org\"><img loading=\"lazy\" decoding=\"async\" class=\"aligncenter size-full wp-image-139\" src=\"http:\/\/www.cdxp.cz\/wp-content\/uploads\/2014\/03\/clipperton.jpg\" alt=\"Clipperton DX Club\" width=\"150\" height=\"113\"><\/a><\/p>\n<p><a href=\"https:\/\/remoteqth.com\" target=\"_blank\" rel=\"noopener noreferrer\"><img loading=\"lazy\" decoding=\"async\" class=\"aligncenter wp-image-2309 size-medium\" src=\"http:\/\/www.cdxp.cz\/wp-content\/uploads\/2022\/01\/Screenshot-2022-01-17-at-20.15.31-e1642447000106-300x172.png\" alt=\"\" width=\"300\" height=\"172\" srcset=\"https:\/\/www.cdxp.cz\/wp-content\/uploads\/2022\/01\/Screenshot-2022-01-17-at-20.15.31-e1642447000106-300x172.png 300w, https:\/\/www.cdxp.cz\/wp-content\/uploads\/2022\/01\/Screenshot-2022-01-17-at-20.15.31-e1642447000106-1024x587.png 1024w, https:\/\/www.cdxp.cz\/wp-content\/uploads\/2022\/01\/Screenshot-2022-01-17-at-20.15.31-e1642447000106-768x440.png 768w, https:\/\/www.cdxp.cz\/wp-content\/uploads\/2022\/01\/Screenshot-2022-01-17-at-20.15.31-e1642447000106-1536x880.png 1536w, https:\/\/www.cdxp.cz\/wp-content\/uploads\/2022\/01\/Screenshot-2022-01-17-at-20.15.31-e1642447000106-2048x1174.png 2048w\" sizes=\"auto, (max-width: 300px) 100vw, 300px\" \/><\/a><\/p>\n<h3 align=\"center\"><strong>TU5PCT Sponsors 2022 <\/strong><\/h3>\n<p align=\"center\"><strong>INDIVIDUAL SPONSORS OVER 50 USD\/ 40 EUR \/ 5000 JPY<\/strong><\/p>\n<p align=\"center\">&nbsp;<\/p>\n<p>JH1AJT, OK2ZA,OK5MM,OK2ZAW, OK1MY, HB9BAS, OG2M, WF8R, N4QM, ON8AH, JA8UIV, ON8AH, OK1VK, OK1ALX, W1SRD, LA5IIA, RD4A, DM2HK, OK2EQ,<\/p>\n<p align=\"center\"><strong>INDIVIDUAL SPONSORS OVER 10 USD\/ 8 EUR\/ 1000 JPY<\/strong><\/p>\n<p align=\"center\">&nbsp;<\/p>\n<p>OK2PAY, OK2BTJ, DL4APJ, K1JX, N9MB, OK1JAX, OK1NYD, OK4RQ, JE3GUG, OM2AGN, AD7XG, OK1PW, OH6JD, OK1NP,RU3SD, OK2MDC, OK2PYA, OM3IM, N6DHZ, NM2A, K0ARM, KG6T, OM0EI, OK1CF, OK1MP, K4BAX, OK3RM, OK4DJ, DM2RM, VA3MO,SP4MPH, KD8JDC, W9EWZ, YL2KF, G0MTN, AB6A , W7II, SP2EBG, OK1DMP, RM2D, LA7GIA, K1PX, W2OR, K6VOX, K5GS, K7GM, K9JU, N3VA, W4WWB, K1LH, JR7BVQ, OE5RLM, WA7BNG, W3KX, AA8SW, JA4LXY, JA1FVE, W1SKU, KD9PLD, 4Z5OZ, K8TE, PA0HWM, KB6KI, KC1NDI, K5SLO, KD8TNF, K2SE, KG4W, HL5IVL, WX6B, RM3DA, SP9TPZ, DL7BA, K7CS, OK1PI, OK1FRG, PA2TA, MM0JTV, WQ6Q, KM4NS, AD8FD, KI0KN, OV5O, IN3TWX, K7CS, K7NN, I1YDT, JA3BXF, N6PSE, K5HK. OK1FCR, W1YRC,OK1DKZ, OK1EP, OK1CSS<\/p>\n","protected":false},"excerpt":{"rendered":"<p>TU5PCT Sponsors 2022 INDIVIDUAL SPONSORS OVER 50 USD\/ 40 EUR \/ 5000 JPY &nbsp; JH1AJT, OK2ZA,OK5MM,OK2ZAW, OK1MY, HB9BAS, OG2M, WF8R, N4QM, ON8AH, JA8UIV, ON8AH, OK1VK, OK1ALX, W1SRD, LA5IIA, RD4A, DM2HK, OK2EQ, INDIVIDUAL SPONSORS OVER 10 USD\/ 8 EUR\/ 1000 JPY &nbsp; OK2PAY, OK2BTJ, DL4APJ, K1JX, N9MB, OK1JAX, OK1NYD, OK4RQ, JE3GUG, OM2AGN, AD7XG, OK1PW, OH6JD, OK1NP,RU3SD, &hellip; <a href=\"https:\/\/www.cdxp.cz\/?page_id=2377\" class=\"more-link\">Pokra\u010dov\u00e1n\u00ed textu <span class=\"screen-reader-text\">TU5PCT sponsors 2022<\/span> <span class=\"meta-nav\">&rarr;<\/span><\/a><\/p>\n","protected":false},"author":1,"featured_media":0,"parent":2274,"menu_order":1,"comment_status":"closed","ping_status":"closed","template":"","meta":{"ngg_post_thumbnail":0,"footnotes":""},"class_list":["post-2377","page","type-page","status-publish","hentry"],"_links":{"self":[{"href":"https:\/\/www.cdxp.cz\/index.php?rest_route=\/wp\/v2\/pages\/2377","targetHints":{"allow":["GET"]}}],"collection":[{"href":"https:\/\/www.cdxp.cz\/index.php?rest_route=\/wp\/v2\/pages"}],"about":[{"href":"https:\/\/www.cdxp.cz\/index.php?rest_route=\/wp\/v2\/types\/page"}],"author":[{"embeddable":true,"href":"https:\/\/www.cdxp.cz\/index.php?rest_route=\/wp\/v2\/users\/1"}],"replies":[{"embeddable":true,"href":"https:\/\/www.cdxp.cz\/index.php?rest_route=%2Fwp%2Fv2%2Fcomments&post=2377"}],"version-history":[{"count":1,"href":"https:\/\/www.cdxp.cz\/index.php?rest_route=\/wp\/v2\/pages\/2377\/revisions"}],"predecessor-version":[{"id":2378,"href":"https:\/\/www.cdxp.cz\/index.php?rest_route=\/wp\/v2\/pages\/2377\/revisions\/2378"}],"up":[{"embeddable":true,"href":"https:\/\/www.cdxp.cz\/index.php?rest_route=\/wp\/v2\/pages\/2274"}],"wp:attachment":[{"href":"https:\/\/www.cdxp.cz\/index.php?rest_route=%2Fwp%2Fv2%2Fmedia&parent=2377"}],"curies":[{"name":"wp","href":"https:\/\/api.w.org\/{rel}","templated":true}]}}