{"id":2614,"date":"2024-02-26T20:45:57","date_gmt":"2024-02-26T19:45:57","guid":{"rendered":"https:\/\/www.cdxp.cz\/?page_id=2614"},"modified":"2024-09-19T07:26:00","modified_gmt":"2024-09-19T05:26:00","slug":"liberia-2024","status":"publish","type":"page","link":"https:\/\/www.cdxp.cz\/?page_id=2614","title":{"rendered":"Liberia 2024"},"content":{"rendered":"\n<div class=\"wp-block-columns is-layout-flex wp-container-core-columns-is-layout-9d6595d7 wp-block-columns-is-layout-flex\">\n<div class=\"wp-block-column is-layout-flow wp-block-column-is-layout-flow\">\n<figure class=\"wp-block-image size-large\"><a href=\"http:\/\/www.cdxp.cz\/wp-content\/uploads\/2024\/02\/lr-af.webp\"><img loading=\"lazy\" decoding=\"async\" width=\"929\" height=\"1024\" src=\"http:\/\/www.cdxp.cz\/wp-content\/uploads\/2024\/02\/lr-af-929x1024.webp\" alt=\"\" class=\"wp-image-2615\" srcset=\"https:\/\/www.cdxp.cz\/wp-content\/uploads\/2024\/02\/lr-af-929x1024.webp 929w, https:\/\/www.cdxp.cz\/wp-content\/uploads\/2024\/02\/lr-af-272x300.webp 272w, https:\/\/www.cdxp.cz\/wp-content\/uploads\/2024\/02\/lr-af-768x847.webp 768w, https:\/\/www.cdxp.cz\/wp-content\/uploads\/2024\/02\/lr-af.webp 1056w\" sizes=\"auto, (max-width: 929px) 100vw, 929px\" \/><\/a><\/figure>\n<\/div>\n\n\n\n<div class=\"wp-block-column is-layout-flow wp-block-column-is-layout-flow\">\n<figure class=\"wp-block-image size-large\"><a href=\"https:\/\/www.cdxp.cz\/wp-content\/uploads\/2024\/02\/lr-01.webp\"><img loading=\"lazy\" decoding=\"async\" width=\"928\" height=\"1024\" src=\"https:\/\/www.cdxp.cz\/wp-content\/uploads\/2024\/02\/lr-01-928x1024.webp\" alt=\"\" class=\"wp-image-2616\" srcset=\"https:\/\/www.cdxp.cz\/wp-content\/uploads\/2024\/02\/lr-01-928x1024.webp 928w, https:\/\/www.cdxp.cz\/wp-content\/uploads\/2024\/02\/lr-01-272x300.webp 272w, https:\/\/www.cdxp.cz\/wp-content\/uploads\/2024\/02\/lr-01-768x847.webp 768w, https:\/\/www.cdxp.cz\/wp-content\/uploads\/2024\/02\/lr-01.webp 1056w\" sizes=\"auto, (max-width: 928px) 100vw, 928px\" \/><\/a><\/figure>\n<\/div>\n<\/div>\n\n\n<div class=\"wp-block-image\">\n<figure class=\"aligncenter size-full\"><a href=\"https:\/\/www.cdxp.cz\/wp-content\/uploads\/2024\/02\/liberia-flag.png\"><img loading=\"lazy\" decoding=\"async\" width=\"310\" height=\"163\" src=\"https:\/\/www.cdxp.cz\/wp-content\/uploads\/2024\/02\/liberia-flag.png\" alt=\"\" class=\"wp-image-2617\" srcset=\"https:\/\/www.cdxp.cz\/wp-content\/uploads\/2024\/02\/liberia-flag.png 310w, https:\/\/www.cdxp.cz\/wp-content\/uploads\/2024\/02\/liberia-flag-300x158.png 300w\" sizes=\"auto, (max-width: 310px) 100vw, 310px\" \/><\/a><\/figure><\/div>\n\n\n<p><strong>Dates:<\/strong>&nbsp; Arrival : April 05th, Departure : April 19th 2024<\/p>\n\n\n\n<p><strong>TIme schedule:<\/strong>&nbsp;building\/limited on air activities April 06-08th, full operation planned from April 09th&nbsp;till 16th , dismantling\/limited on air activities April 18,19th 2024<\/p>\n\n\n\n<p><strong>Call sign:&nbsp; <\/strong>A8OK<\/p>\n\n\n\n<p><strong>Operators:&nbsp;<\/strong>Petr OK1BOA, Petr OK1FCJ, Palo OK1CRM, Pavel OK1GK , Ruda OK2ZA, Ludek OK2ZC, Karel OK2ZI, David OK6DJ<\/p>\n\n\n\n<p><strong>Operation modes: &nbsp;<\/strong>SSB, CW, RTTY , FT8, FT4, PSK<\/p>\n\n\n\n<p><strong>Bands: &nbsp;<\/strong>160-6m, 60m including! + QO-100 + RS-44 + IO-117<\/p>\n\n\n\n<p>Based on the local internet availability, we plan to use&nbsp;<strong>Club Log Live Stream&nbsp;<\/strong>wherever it will be possible. Our Live Stream link&nbsp;&nbsp;<a rel=\"noreferrer noopener\" href=\"https:\/\/clublog.org\/livestream\/a8ok\" target=\"_blank\">https:\/\/clublog.org\/livestream\/a8ok<\/a><\/p>\n\n\n\n<p><strong>QSL<\/strong>&nbsp;via&nbsp;<strong>OK6DJ<\/strong>, OQRS, LOTW<\/p>\n\n\n\n<p><strong>Radios:<\/strong>&nbsp; 1x Elecraft K3, 2x Kenwood TS480HX &nbsp;, 1x SunSDR2DX, 1x SunSDR PRO, 4x Icom 705 , 1x Yeasu FTdx10 &nbsp;<\/p>\n\n\n\n<p><strong>PA:<\/strong>&nbsp; JUMA PA1000 6x, Expert 1x&nbsp;&nbsp;<\/p>\n\n\n\n<p><strong>Antennas:&nbsp;6m&nbsp;&nbsp;<\/strong>5el. YAGI<strong>, <strong>10m<\/strong><\/strong> 4el. Yagi, <strong>&nbsp; 10-15-20 incl WARC<\/strong>&nbsp;3 x Spiderbeam, <strong>17\/15\/12m<\/strong> 2el. YAGI,&nbsp;2x<strong> 30m&nbsp;<\/strong>phased verticals, 2x<strong>40m&nbsp;<\/strong>phased verticals,&nbsp;&nbsp;<strong>80m&nbsp;&nbsp;<\/strong>vertical + 10 pcs radials,&nbsp;<strong>160&nbsp;<\/strong>vertical +10pcs radials RX: 3x Beverage + RX vertical&nbsp;&nbsp;<strong>Focus on low bands<\/strong><\/p>\n\n\n\n<p><strong>Band plan <\/strong><\/p>\n\n\n\n<figure class=\"wp-block-image size-full\"><a href=\"https:\/\/www.cdxp.cz\/wp-content\/uploads\/2024\/03\/A8OK-bandplan.jpg\"><img loading=\"lazy\" decoding=\"async\" width=\"429\" height=\"502\" src=\"https:\/\/www.cdxp.cz\/wp-content\/uploads\/2024\/03\/A8OK-bandplan.jpg\" alt=\"\" class=\"wp-image-2669\" srcset=\"https:\/\/www.cdxp.cz\/wp-content\/uploads\/2024\/03\/A8OK-bandplan.jpg 429w, https:\/\/www.cdxp.cz\/wp-content\/uploads\/2024\/03\/A8OK-bandplan-256x300.jpg 256w\" sizes=\"auto, (max-width: 429px) 100vw, 429px\" \/><\/a><\/figure>\n\n\n\n<p><strong>QSL<\/strong>&nbsp;via&nbsp;<strong>OK6DJ<\/strong>, OQRS, LOTW.<\/p>\n","protected":false},"excerpt":{"rendered":"<p>Dates:&nbsp; Arrival : April 05th, Departure : April 19th 2024 TIme schedule:&nbsp;building\/limited on air activities April 06-08th, full operation planned from April 09th&nbsp;till 16th , dismantling\/limited on air activities April 18,19th 2024 Call sign:&nbsp; A8OK Operators:&nbsp;Petr OK1BOA, Petr OK1FCJ, Palo OK1CRM, Pavel OK1GK , Ruda OK2ZA, Ludek OK2ZC, Karel OK2ZI, David OK6DJ Operation modes: &nbsp;SSB, &hellip; <a href=\"https:\/\/www.cdxp.cz\/?page_id=2614\" class=\"more-link\">Pokra\u010dov\u00e1n\u00ed textu <span class=\"screen-reader-text\">Liberia 2024<\/span> <span class=\"meta-nav\">&rarr;<\/span><\/a><\/p>\n","protected":false},"author":1,"featured_media":0,"parent":0,"menu_order":4,"comment_status":"closed","ping_status":"closed","template":"","meta":{"ngg_post_thumbnail":0,"footnotes":""},"class_list":["post-2614","page","type-page","status-publish","hentry"],"_links":{"self":[{"href":"https:\/\/www.cdxp.cz\/index.php?rest_route=\/wp\/v2\/pages\/2614","targetHints":{"allow":["GET"]}}],"collection":[{"href":"https:\/\/www.cdxp.cz\/index.php?rest_route=\/wp\/v2\/pages"}],"about":[{"href":"https:\/\/www.cdxp.cz\/index.php?rest_route=\/wp\/v2\/types\/page"}],"author":[{"embeddable":true,"href":"https:\/\/www.cdxp.cz\/index.php?rest_route=\/wp\/v2\/users\/1"}],"replies":[{"embeddable":true,"href":"https:\/\/www.cdxp.cz\/index.php?rest_route=%2Fwp%2Fv2%2Fcomments&post=2614"}],"version-history":[{"count":24,"href":"https:\/\/www.cdxp.cz\/index.php?rest_route=\/wp\/v2\/pages\/2614\/revisions"}],"predecessor-version":[{"id":2718,"href":"https:\/\/www.cdxp.cz\/index.php?rest_route=\/wp\/v2\/pages\/2614\/revisions\/2718"}],"wp:attachment":[{"href":"https:\/\/www.cdxp.cz\/index.php?rest_route=%2Fwp%2Fv2%2Fmedia&parent=2614"}],"curies":[{"name":"wp","href":"https:\/\/api.w.org\/{rel}","templated":true}]}}