{"id":338,"date":"2015-05-23T14:14:42","date_gmt":"2015-05-23T12:14:42","guid":{"rendered":"http:\/\/www.cdxp.cz\/?page_id=338"},"modified":"2024-08-30T12:46:48","modified_gmt":"2024-08-30T10:46:48","slug":"zimbabwe-2015","status":"publish","type":"page","link":"https:\/\/www.cdxp.cz\/?page_id=338","title":{"rendered":"Zimbabwe 2015"},"content":{"rendered":"<p><b><\/b><a href=\"http:\/\/www.cdxp.cz\/wp-content\/uploads\/2015\/05\/zwaf.gif\"><img loading=\"lazy\" decoding=\"async\" class=\"alignnone size-thumbnail wp-image-345\" src=\"http:\/\/www.cdxp.cz\/wp-content\/uploads\/2015\/05\/zwaf-150x150.gif\" alt=\"zwaf\" width=\"150\" height=\"150\" \/><\/a>\u00a0 \u00a0 \u00a0 \u00a0 \u00a0 \u00a0 \u00a0 \u00a0 \u00a0 \u00a0 \u00a0 \u00a0<a href=\"http:\/\/www.cdxp.cz\/wp-content\/uploads\/2015\/05\/flag-zimbabwe-e1432383871956.gif\"><img loading=\"lazy\" decoding=\"async\" class=\"alignnone wp-image-340\" src=\"http:\/\/www.cdxp.cz\/wp-content\/uploads\/2015\/05\/flag-zimbabwe-e1432383871956.gif\" alt=\"flag-zimbabwe\" width=\"200\" height=\"100\" \/><\/a><\/p>\n<p>&nbsp;<\/p>\n<p><strong>Dates:<\/strong>\u00a0 Arrival : 20th September , \u00a0Departure : 02nd October<br \/>\n<strong>On air<\/strong> approx: limited\/building up 20,21th, fully from 21st till 30th, limited\/dismantling 1st<\/p>\n<p>Operators:<\/p>\n<p>OK6DJ David<br \/>\nOK1FCJ\/OL8R Petr<br \/>\nOK1FPS Pavel<\/p>\n<div>Antenna\/radio setup:<br \/>\n3 x Elecraft K3, 2x PA, Antennas 2 x Spiderbeam incl WARC, 1 x vertical 40\/30m, 1 vertical 160\/80m + special RX ant for low bands.<\/div>\n<div><\/div>\n<div>Activity:<br \/>\nSSB, CW, Digital including RTTY. CQ WW RTTY<\/div>\n<p>&nbsp;<\/p>\n<p>Help us reach our goal. Donate the DXpedition via paypal. Do not forget to provide your NAME and CALLSIGN and Email when donating:<\/p>\n<div>\n<p>E-mail:\u00a0<strong><a href=\"mailto:antsat@atlas.cz\">antsat (at) atlas (dot) cz<\/a><\/strong><\/p>\n<\/div>\n","protected":false},"excerpt":{"rendered":"<p>\u00a0 \u00a0 \u00a0 \u00a0 \u00a0 \u00a0 \u00a0 \u00a0 \u00a0 \u00a0 \u00a0 \u00a0 &nbsp; Dates:\u00a0 Arrival : 20th September , \u00a0Departure : 02nd October On air approx: limited\/building up 20,21th, fully from 21st till 30th, limited\/dismantling 1st Operators: OK6DJ David OK1FCJ\/OL8R Petr OK1FPS Pavel Antenna\/radio setup: 3 x Elecraft K3, 2x PA, Antennas 2 x Spiderbeam &hellip; <a href=\"https:\/\/www.cdxp.cz\/?page_id=338\" class=\"more-link\">Pokra\u010dov\u00e1n\u00ed textu <span class=\"screen-reader-text\">Zimbabwe 2015<\/span> <span class=\"meta-nav\">&rarr;<\/span><\/a><\/p>\n","protected":false},"author":1,"featured_media":0,"parent":0,"menu_order":16,"comment_status":"closed","ping_status":"closed","template":"","meta":{"ngg_post_thumbnail":0,"footnotes":""},"class_list":["post-338","page","type-page","status-publish","hentry"],"_links":{"self":[{"href":"https:\/\/www.cdxp.cz\/index.php?rest_route=\/wp\/v2\/pages\/338","targetHints":{"allow":["GET"]}}],"collection":[{"href":"https:\/\/www.cdxp.cz\/index.php?rest_route=\/wp\/v2\/pages"}],"about":[{"href":"https:\/\/www.cdxp.cz\/index.php?rest_route=\/wp\/v2\/types\/page"}],"author":[{"embeddable":true,"href":"https:\/\/www.cdxp.cz\/index.php?rest_route=\/wp\/v2\/users\/1"}],"replies":[{"embeddable":true,"href":"https:\/\/www.cdxp.cz\/index.php?rest_route=%2Fwp%2Fv2%2Fcomments&post=338"}],"version-history":[{"count":12,"href":"https:\/\/www.cdxp.cz\/index.php?rest_route=\/wp\/v2\/pages\/338\/revisions"}],"predecessor-version":[{"id":431,"href":"https:\/\/www.cdxp.cz\/index.php?rest_route=\/wp\/v2\/pages\/338\/revisions\/431"}],"wp:attachment":[{"href":"https:\/\/www.cdxp.cz\/index.php?rest_route=%2Fwp%2Fv2%2Fmedia&parent=338"}],"curies":[{"name":"wp","href":"https:\/\/api.w.org\/{rel}","templated":true}]}}