{"id":463,"date":"2015-09-23T21:38:44","date_gmt":"2015-09-23T19:38:44","guid":{"rendered":"http:\/\/www.cdxp.cz\/?p=463"},"modified":"2015-09-23T21:38:44","modified_gmt":"2015-09-23T19:38:44","slug":"wednesday-2309","status":"publish","type":"page","link":"https:\/\/www.cdxp.cz\/?page_id=463","title":{"rendered":"Wednesday 23\/09"},"content":{"rendered":"<p>Another day is over. All our antennas are now running. Pavel made last antenna for 15m &#8211; simple dipole which will be used for PSK mainly. Total setup is as follows:<br \/>\n20-10 incl WARC 2 x SPIDERBEAM<br \/>\nVertical N1 30m\/40m<br \/>\nVertical N2 160m\/80m<br \/>\nRX system for low bands<\/p>\n<p>Unfortunately RX system is not running as we expected, but you can&#8217;t expect miracles in capital Harare \ud83d\ude42<\/p>\n<p>Our operation desk is next to kitchen, originally planned as dining room. We are eating on outside house terrace or in kitchen<\/p>\n<p><a href=\"http:\/\/www.cdxp.cz\/wp-content\/uploads\/2015\/09\/FullSizeRender1.jpg\"><img loading=\"lazy\" decoding=\"async\" class=\"aligncenter size-full wp-image-465\" src=\"http:\/\/www.cdxp.cz\/wp-content\/uploads\/2015\/09\/FullSizeRender1.jpg\" alt=\"FullSizeRender\" width=\"1200\" height=\"900\" srcset=\"https:\/\/www.cdxp.cz\/wp-content\/uploads\/2015\/09\/FullSizeRender1.jpg 1200w, https:\/\/www.cdxp.cz\/wp-content\/uploads\/2015\/09\/FullSizeRender1-300x225.jpg 300w, https:\/\/www.cdxp.cz\/wp-content\/uploads\/2015\/09\/FullSizeRender1-1024x768.jpg 1024w\" sizes=\"auto, (max-width: 1200px) 100vw, 1200px\" \/><\/a><\/p>\n<p>Power supply is big issue here. We were told by landlord that they never has such problems with power cuts. Today electricity was on just from 02 till approx 05 am and rest day was off. Now at 8 pm is running again. Consequence is operation on power generator mainly. Home lights and fridge is backed up by 6 accumulators each 105 AH, but even those were discharged&#8230; last night when we not used generator went house into complete dark.<\/p>\n<p>WX is fine \ud83d\ude42 It recalls me summer home. Through day 27 -29C over night 13-15C. \u00a0Sunrise here is approx 15min after 5 am local time, but dark is soon after 5pm.<\/p>\n<p>&nbsp;<\/p>\n","protected":false},"excerpt":{"rendered":"<p>Another day is over. All our antennas are now running. Pavel made last antenna for 15m &#8211; simple dipole which will be used for PSK mainly. Total setup is as follows: 20-10 incl WARC 2 x SPIDERBEAM Vertical N1 30m\/40m Vertical N2 160m\/80m RX system for low bands Unfortunately RX system is not running as &hellip; <a href=\"https:\/\/www.cdxp.cz\/?page_id=463\" class=\"more-link\">Pokra\u010dov\u00e1n\u00ed textu <span class=\"screen-reader-text\">Wednesday 23\/09<\/span> <span class=\"meta-nav\">&rarr;<\/span><\/a><\/p>\n","protected":false},"author":1,"featured_media":0,"parent":126,"menu_order":0,"comment_status":"open","ping_status":"closed","template":"","meta":{"ngg_post_thumbnail":0,"footnotes":""},"class_list":["post-463","page","type-page","status-publish","hentry"],"_links":{"self":[{"href":"https:\/\/www.cdxp.cz\/index.php?rest_route=\/wp\/v2\/pages\/463","targetHints":{"allow":["GET"]}}],"collection":[{"href":"https:\/\/www.cdxp.cz\/index.php?rest_route=\/wp\/v2\/pages"}],"about":[{"href":"https:\/\/www.cdxp.cz\/index.php?rest_route=\/wp\/v2\/types\/page"}],"author":[{"embeddable":true,"href":"https:\/\/www.cdxp.cz\/index.php?rest_route=\/wp\/v2\/users\/1"}],"replies":[{"embeddable":true,"href":"https:\/\/www.cdxp.cz\/index.php?rest_route=%2Fwp%2Fv2%2Fcomments&post=463"}],"version-history":[{"count":1,"href":"https:\/\/www.cdxp.cz\/index.php?rest_route=\/wp\/v2\/pages\/463\/revisions"}],"predecessor-version":[{"id":466,"href":"https:\/\/www.cdxp.cz\/index.php?rest_route=\/wp\/v2\/pages\/463\/revisions\/466"}],"up":[{"embeddable":true,"href":"https:\/\/www.cdxp.cz\/index.php?rest_route=\/wp\/v2\/pages\/126"}],"wp:attachment":[{"href":"https:\/\/www.cdxp.cz\/index.php?rest_route=%2Fwp%2Fv2%2Fmedia&parent=463"}],"curies":[{"name":"wp","href":"https:\/\/api.w.org\/{rel}","templated":true}]}}