{"id":512,"date":"2016-04-23T17:08:57","date_gmt":"2016-04-23T15:08:57","guid":{"rendered":"http:\/\/www.cdxp.cz\/?page_id=512"},"modified":"2024-08-30T12:47:14","modified_gmt":"2024-08-30T10:47:14","slug":"comoros-2016","status":"publish","type":"page","link":"https:\/\/www.cdxp.cz\/?page_id=512","title":{"rendered":"Comoros 2016"},"content":{"rendered":"<p><img loading=\"lazy\" decoding=\"async\" class=\"alignnone size-thumbnail wp-image-514\" src=\"http:\/\/www.cdxp.cz\/wp-content\/uploads\/2016\/04\/komory-flag-150x150.png\" alt=\"komory-flag\" width=\"150\" height=\"150\" \/>\u00a0 \u00a0\u00a0<img loading=\"lazy\" decoding=\"async\" class=\"alignnone size-thumbnail wp-image-516\" src=\"http:\/\/www.cdxp.cz\/wp-content\/uploads\/2016\/04\/komory-1-150x150.gif\" alt=\"komory-1\" width=\"150\" height=\"150\" \/>\u00a0 \u00a0<img loading=\"lazy\" decoding=\"async\" class=\"alignnone size-thumbnail wp-image-515\" src=\"http:\/\/www.cdxp.cz\/wp-content\/uploads\/2016\/04\/komory2-150x150.gif\" alt=\"komory2\" width=\"150\" height=\"150\" \/><\/p>\n<p><strong>Dates:<\/strong>\u00a0 Arrival : mid\u00a0September , \u00a0Departure : begin October<br \/>\n<strong>On air<\/strong>\u00a0 18 &#8211; 30 September 2016<\/p>\n<p><strong>Call sign<\/strong>\u00a0D66D<\/p>\n<p><strong>Operators:<\/strong><\/p>\n<p>OK6DJ David<br \/>\nOK1FCJ Petr<br \/>\nOK1FPS Pavel<br \/>\nOK1BOA Petr<br \/>\nOK2ZA Rudolf<br \/>\nOK1GK Pavel<\/p>\n<div><strong>Antenna\/radio setup:<\/strong><br \/>\n3 x Elecraft K3, 2x PA, Antennas 2 x Spiderbeam incl WARC, 1 x vertical 40\/30m, 1 vertical 160\/80m + special RX ant for low bands.<\/div>\n<p>&nbsp;<\/p>\n<div><\/div>\n<div><strong>NOTE:<\/strong> Antenna &amp; radio setup will be later updated reflecting bigger group<\/div>\n<p>&nbsp;<\/p>\n<div><\/div>\n<div><strong>Activity:\u00a0<\/strong>usual operation modes<\/div>\n<div><\/div>\n<p>Help us reach our goal. Donate the DXpedition via paypal. Do not forget to provide your NAME and CALLSIGN and Email when donating:<\/p>\n<div>\n<p>E-mail:\u00a0<strong><a href=\"mailto:antsat@atlas.cz\">antsat (at) atlas (dot) cz<\/a><\/strong><\/p>\n<\/div>\n","protected":false},"excerpt":{"rendered":"<p>\u00a0 \u00a0\u00a0\u00a0 \u00a0 Dates:\u00a0 Arrival : mid\u00a0September , \u00a0Departure : begin October On air\u00a0 18 &#8211; 30 September 2016 Call sign\u00a0D66D Operators: OK6DJ David OK1FCJ Petr OK1FPS Pavel OK1BOA Petr OK2ZA Rudolf OK1GK Pavel Antenna\/radio setup: 3 x Elecraft K3, 2x PA, Antennas 2 x Spiderbeam incl WARC, 1 x vertical 40\/30m, 1 vertical 160\/80m &hellip; <a href=\"https:\/\/www.cdxp.cz\/?page_id=512\" class=\"more-link\">Pokra\u010dov\u00e1n\u00ed textu <span class=\"screen-reader-text\">Comoros 2016<\/span> <span class=\"meta-nav\">&rarr;<\/span><\/a><\/p>\n","protected":false},"author":1,"featured_media":0,"parent":0,"menu_order":15,"comment_status":"closed","ping_status":"closed","template":"","meta":{"ngg_post_thumbnail":0,"footnotes":""},"class_list":["post-512","page","type-page","status-publish","hentry"],"_links":{"self":[{"href":"https:\/\/www.cdxp.cz\/index.php?rest_route=\/wp\/v2\/pages\/512","targetHints":{"allow":["GET"]}}],"collection":[{"href":"https:\/\/www.cdxp.cz\/index.php?rest_route=\/wp\/v2\/pages"}],"about":[{"href":"https:\/\/www.cdxp.cz\/index.php?rest_route=\/wp\/v2\/types\/page"}],"author":[{"embeddable":true,"href":"https:\/\/www.cdxp.cz\/index.php?rest_route=\/wp\/v2\/users\/1"}],"replies":[{"embeddable":true,"href":"https:\/\/www.cdxp.cz\/index.php?rest_route=%2Fwp%2Fv2%2Fcomments&post=512"}],"version-history":[{"count":22,"href":"https:\/\/www.cdxp.cz\/index.php?rest_route=\/wp\/v2\/pages\/512\/revisions"}],"predecessor-version":[{"id":644,"href":"https:\/\/www.cdxp.cz\/index.php?rest_route=\/wp\/v2\/pages\/512\/revisions\/644"}],"wp:attachment":[{"href":"https:\/\/www.cdxp.cz\/index.php?rest_route=%2Fwp%2Fv2%2Fmedia&parent=512"}],"curies":[{"name":"wp","href":"https:\/\/api.w.org\/{rel}","templated":true}]}}