{"id":59,"date":"2014-03-15T20:17:04","date_gmt":"2014-03-15T19:17:04","guid":{"rendered":"http:\/\/www.cdxp.cz\/?page_id=59"},"modified":"2026-02-09T20:40:54","modified_gmt":"2026-02-09T19:40:54","slug":"qsl-manager","status":"publish","type":"page","link":"https:\/\/www.cdxp.cz\/?page_id=59","title":{"rendered":"QSL Manager &#038; Contact"},"content":{"rendered":"<p><strong>OK6DJ<\/strong><br \/>\n<strong> David Beran<\/strong><br \/>\n<strong> Dolni Kamenice 55<\/strong><br \/>\n<strong> 34562 Holysov<\/strong><br \/>\n<strong> Czech Republic<\/strong><\/p>\n<p>Please use Clublog&#8217;s excellent OQRS to request your Direct or Bureau&nbsp; QSLs for all DXpedition. Please do NOT send cards through the Bureau or through the mail. Use OQRS instead! It&#8217;s so much easier, faster and cheaper.<\/p>\n<div>QSL via OK6DJ\/ OQRS Clublog\/direct\/Lotw\/eqsl, buro<\/div>\n<div>&nbsp;<\/div>\n<p>QSL info : T8OK, PJ7K, 3B9DJ, OL5WWA, VK9CV, A8OK, 3B8\/OK6DJ, 5X3K, 3B7M, TN8K, S9OK, TU5PCT, 5K0K, TO6OK, Z66D, 5T5OK, 5V7P, D66D,&nbsp; Z21MG, PJ5\/OL8R, XT26DJ,&nbsp; XT2FCJ,&nbsp; ZA\/OK6DJ, KH6\/OK6DJ, T7\/OK6DJ, W6\/OK6DJ,&nbsp; W8\/OK6DJ, SV5\/OK6DJ, SV8\/OK6DJ, SV9\/OK6DJ, HB0\/OK6DJ, TA4\/OK6DJ, OE2\/OK6DJ, OM\/OK6DJ, 4O6DJ, DL\/OK1FJD, OH0\/OK1FJD<\/p>\n<p>1.&nbsp;OQRS &#8211; direct&nbsp;QSO&nbsp;to&nbsp;LOTW&nbsp;send&nbsp;every week<\/p>\n<p>2. DIRECT&nbsp;&#8211; minimum 4 Usd or new 2 IRC &#8211; accept expiring end 2026-<\/p>\n<p>QSO&nbsp;to&nbsp;LOTW , Eqsl.cc, QRZ.COM send 6. months<\/p>\n<p>3. No stamps accepted<\/p>\n<p>4. Lotw, QRZ.COM, Eqsl.cc&nbsp;&#8211; upload all qso&nbsp; 6 months<\/p>\n<p>5. OQRS&nbsp;via buro 6 months<\/p>\n<p>6. Paper QSL via buro&nbsp;12 months<\/p>\n<p>EMAIL&nbsp;<strong><a href=\"mailto:qso@email.cz\">qso (at) email (dot) cz<\/a>&nbsp;&nbsp;<\/strong><\/p>\n<h4>Group email to team members: info(at)cdxp.cz<\/h4>\n","protected":false},"excerpt":{"rendered":"<p>OK6DJ David Beran Dolni Kamenice 55 34562 Holysov Czech Republic Please use Clublog&#8217;s excellent OQRS to request your Direct or Bureau&nbsp; QSLs for all DXpedition. Please do NOT send cards through the Bureau or through the mail. Use OQRS instead! It&#8217;s so much easier, faster and cheaper. QSL via OK6DJ\/ OQRS Clublog\/direct\/Lotw\/eqsl, buro &nbsp; QSL &hellip; <a href=\"https:\/\/www.cdxp.cz\/?page_id=59\" class=\"more-link\">Pokra\u010dov\u00e1n\u00ed textu <span class=\"screen-reader-text\">QSL Manager &#038; Contact<\/span> <span class=\"meta-nav\">&rarr;<\/span><\/a><\/p>\n","protected":false},"author":1,"featured_media":0,"parent":0,"menu_order":20,"comment_status":"closed","ping_status":"closed","template":"","meta":{"ngg_post_thumbnail":0,"footnotes":""},"class_list":["post-59","page","type-page","status-publish","hentry"],"_links":{"self":[{"href":"https:\/\/www.cdxp.cz\/index.php?rest_route=\/wp\/v2\/pages\/59","targetHints":{"allow":["GET"]}}],"collection":[{"href":"https:\/\/www.cdxp.cz\/index.php?rest_route=\/wp\/v2\/pages"}],"about":[{"href":"https:\/\/www.cdxp.cz\/index.php?rest_route=\/wp\/v2\/types\/page"}],"author":[{"embeddable":true,"href":"https:\/\/www.cdxp.cz\/index.php?rest_route=\/wp\/v2\/users\/1"}],"replies":[{"embeddable":true,"href":"https:\/\/www.cdxp.cz\/index.php?rest_route=%2Fwp%2Fv2%2Fcomments&post=59"}],"version-history":[{"count":33,"href":"https:\/\/www.cdxp.cz\/index.php?rest_route=\/wp\/v2\/pages\/59\/revisions"}],"predecessor-version":[{"id":2741,"href":"https:\/\/www.cdxp.cz\/index.php?rest_route=\/wp\/v2\/pages\/59\/revisions\/2741"}],"wp:attachment":[{"href":"https:\/\/www.cdxp.cz\/index.php?rest_route=%2Fwp%2Fv2%2Fmedia&parent=59"}],"curies":[{"name":"wp","href":"https:\/\/api.w.org\/{rel}","templated":true}]}}