{"id":645,"date":"2016-09-30T04:07:40","date_gmt":"2016-09-30T02:07:40","guid":{"rendered":"http:\/\/www.cdxp.cz\/?p=645"},"modified":"2017-04-04T21:58:49","modified_gmt":"2017-04-04T19:58:49","slug":"antennaradio-setup-update","status":"publish","type":"page","link":"https:\/\/www.cdxp.cz\/?page_id=645","title":{"rendered":"Antenna\/radio setup update"},"content":{"rendered":"<div><b>During operation we used several radios and antennas:<\/b><\/div>\n<div><\/div>\n<div>Radios: 3 x K3 (one worked partially), 1 x TS-480<\/div>\n<div><\/div>\n<div>Antennas:<\/div>\n<div>160\/80\/40 &#8211;\u00a0HI Z 4 RX receiving system<\/div>\n<div>160m &#8211; inverted L, mast 18m<\/div>\n<div>80m &#8211; vertical, mast 18m<\/div>\n<div>40m &#8211; vertical<\/div>\n<div>30m &#8211; vertical, dipole &#8211; dipole was 1s stronger<\/div>\n<div>20m-10m \u00a02x Spiderbeam<\/div>\n<div>15m &#8211; VDA15<\/div>\n<div>20m &#8211; VDA20<\/div>\n<div><\/div>\n<div>Cables: Over 500 mtrs<\/div>\n<div><\/div>\n<div>PA: \u00a0RF Power, KPA 500, RM italy<\/div>\n<div><\/div>\n<div>During operation all PC interworked, sw Wintest<\/div>\n<div><\/div>\n<div>Unfortunately internet connectivity was poor only few hours a day and very slow if any<\/div>\n<div><\/div>\n","protected":false},"excerpt":{"rendered":"<p>During operation we used several radios and antennas: Radios: 3 x K3 (one worked partially), 1 x TS-480 Antennas: 160\/80\/40 &#8211;\u00a0HI Z 4 RX receiving system 160m &#8211; inverted L, mast 18m 80m &#8211; vertical, mast 18m 40m &#8211; vertical 30m &#8211; vertical, dipole &#8211; dipole was 1s stronger 20m-10m \u00a02x Spiderbeam 15m &#8211; VDA15 &hellip; <a href=\"https:\/\/www.cdxp.cz\/?page_id=645\" class=\"more-link\">Pokra\u010dov\u00e1n\u00ed textu <span class=\"screen-reader-text\">Antenna\/radio setup update<\/span> <span class=\"meta-nav\">&rarr;<\/span><\/a><\/p>\n","protected":false},"author":1,"featured_media":0,"parent":748,"menu_order":17,"comment_status":"open","ping_status":"closed","template":"","meta":{"ngg_post_thumbnail":0,"footnotes":""},"class_list":["post-645","page","type-page","status-publish","hentry"],"_links":{"self":[{"href":"https:\/\/www.cdxp.cz\/index.php?rest_route=\/wp\/v2\/pages\/645","targetHints":{"allow":["GET"]}}],"collection":[{"href":"https:\/\/www.cdxp.cz\/index.php?rest_route=\/wp\/v2\/pages"}],"about":[{"href":"https:\/\/www.cdxp.cz\/index.php?rest_route=\/wp\/v2\/types\/page"}],"author":[{"embeddable":true,"href":"https:\/\/www.cdxp.cz\/index.php?rest_route=\/wp\/v2\/users\/1"}],"replies":[{"embeddable":true,"href":"https:\/\/www.cdxp.cz\/index.php?rest_route=%2Fwp%2Fv2%2Fcomments&post=645"}],"version-history":[{"count":2,"href":"https:\/\/www.cdxp.cz\/index.php?rest_route=\/wp\/v2\/pages\/645\/revisions"}],"predecessor-version":[{"id":647,"href":"https:\/\/www.cdxp.cz\/index.php?rest_route=\/wp\/v2\/pages\/645\/revisions\/647"}],"up":[{"embeddable":true,"href":"https:\/\/www.cdxp.cz\/index.php?rest_route=\/wp\/v2\/pages\/748"}],"wp:attachment":[{"href":"https:\/\/www.cdxp.cz\/index.php?rest_route=%2Fwp%2Fv2%2Fmedia&parent=645"}],"curies":[{"name":"wp","href":"https:\/\/api.w.org\/{rel}","templated":true}]}}