{"id":648,"date":"2016-09-30T21:46:38","date_gmt":"2016-09-30T19:46:38","guid":{"rendered":"http:\/\/www.cdxp.cz\/?p=648"},"modified":"2017-04-04T21:11:55","modified_gmt":"2017-04-04T19:11:55","slug":"donations-busted-calls-request-correction-oqrs-lotw","status":"publish","type":"page","link":"https:\/\/www.cdxp.cz\/?page_id=648","title":{"rendered":"Donations, busted calls request correction, OQRS &#8211; LOTW"},"content":{"rendered":"<p><strong>We would like to first thank you for all incoming donations.<\/strong>\u00a0Those generously received funds we devote for activation of another rare countries. We are very glad for every USD received for our DX pedition team.<\/p>\n<p><strong>David OK6DJ<\/strong> is person responsible for all post DX pedition communication with HAM community. Namely David prepares list of received donations . Each individual busted call request will be carefully checked regarding time\/mode and similar call sign in log.<\/p>\n<p>All OQRS direct will be soon sent to LOTW. \u00a0We have received approx 350 as of today various requests, OQRS etc. We expect that all post DX pedition communication will be solved within next 30 days.<\/p>\n<p>&nbsp;<\/p>\n","protected":false},"excerpt":{"rendered":"<p>We would like to first thank you for all incoming donations.\u00a0Those generously received funds we devote for activation of another rare countries. We are very glad for every USD received for our DX pedition team. David OK6DJ is person responsible for all post DX pedition communication with HAM community. Namely David prepares list of received &hellip; <a href=\"https:\/\/www.cdxp.cz\/?page_id=648\" class=\"more-link\">Pokra\u010dov\u00e1n\u00ed textu <span class=\"screen-reader-text\">Donations, busted calls request correction, OQRS &#8211; LOTW<\/span> <span class=\"meta-nav\">&rarr;<\/span><\/a><\/p>\n","protected":false},"author":1,"featured_media":0,"parent":748,"menu_order":0,"comment_status":"open","ping_status":"closed","template":"","meta":{"ngg_post_thumbnail":0,"footnotes":""},"class_list":["post-648","page","type-page","status-publish","hentry"],"_links":{"self":[{"href":"https:\/\/www.cdxp.cz\/index.php?rest_route=\/wp\/v2\/pages\/648","targetHints":{"allow":["GET"]}}],"collection":[{"href":"https:\/\/www.cdxp.cz\/index.php?rest_route=\/wp\/v2\/pages"}],"about":[{"href":"https:\/\/www.cdxp.cz\/index.php?rest_route=\/wp\/v2\/types\/page"}],"author":[{"embeddable":true,"href":"https:\/\/www.cdxp.cz\/index.php?rest_route=\/wp\/v2\/users\/1"}],"replies":[{"embeddable":true,"href":"https:\/\/www.cdxp.cz\/index.php?rest_route=%2Fwp%2Fv2%2Fcomments&post=648"}],"version-history":[{"count":1,"href":"https:\/\/www.cdxp.cz\/index.php?rest_route=\/wp\/v2\/pages\/648\/revisions"}],"predecessor-version":[{"id":649,"href":"https:\/\/www.cdxp.cz\/index.php?rest_route=\/wp\/v2\/pages\/648\/revisions\/649"}],"up":[{"embeddable":true,"href":"https:\/\/www.cdxp.cz\/index.php?rest_route=\/wp\/v2\/pages\/748"}],"wp:attachment":[{"href":"https:\/\/www.cdxp.cz\/index.php?rest_route=%2Fwp%2Fv2%2Fmedia&parent=648"}],"curies":[{"name":"wp","href":"https:\/\/api.w.org\/{rel}","templated":true}]}}