{"id":751,"date":"2017-04-04T21:24:52","date_gmt":"2017-04-04T19:24:52","guid":{"rendered":"http:\/\/www.cdxp.cz\/?page_id=751"},"modified":"2018-02-26T20:38:06","modified_gmt":"2018-02-26T19:38:06","slug":"d66d-sponsors","status":"publish","type":"page","link":"https:\/\/www.cdxp.cz\/?page_id=751","title":{"rendered":"D6 sponsors"},"content":{"rendered":"<p align=\"center\"><strong>Sponsors D66D Expedition 2016<\/strong><\/p>\n<p><a href=\"http:\/\/dxnews.com\"><img loading=\"lazy\" decoding=\"async\" class=\"aligncenter size-full wp-image-505\" src=\"http:\/\/www.cdxp.cz\/wp-content\/uploads\/2015\/12\/DXNews-logo.png\" alt=\"DXNews-logo\" width=\"537\" height=\"96\" srcset=\"https:\/\/www.cdxp.cz\/wp-content\/uploads\/2015\/12\/DXNews-logo.png 537w, https:\/\/www.cdxp.cz\/wp-content\/uploads\/2015\/12\/DXNews-logo-300x54.png 300w\" sizes=\"auto, (max-width: 537px) 100vw, 537px\" \/><\/a><\/p>\n<p align=\"center\"><a href=\"http:\/\/www.ges.cz\/en\/broadcasting-radio-audio\/SR.html?cur=EUR\" target=\"_blank\"><img loading=\"lazy\" decoding=\"async\" class=\"alignnone size-thumbnail wp-image-160\" src=\"http:\/\/www.cdxp.cz\/wp-content\/uploads\/2014\/03\/ges-150x82.gif\" alt=\"ges\" width=\"150\" height=\"82\" \/><\/a><\/p>\n<p><a href=\"http:\/\/www.dxer.org\"><br \/>\n<\/a><a href=\"http:\/\/www.dxer.org\/lsdxa.html\"><img loading=\"lazy\" decoding=\"async\" class=\"aligncenter size-full wp-image-553\" src=\"http:\/\/www.cdxp.cz\/wp-content\/uploads\/2016\/05\/LSDXA-Logo-new1.jpg\" alt=\"LSDXA-Logo-new1\" width=\"150\" height=\"134\" \/><\/a><\/p>\n<p align=\"center\"><a href=\"http:\/\/www.spiderbeam.com\/gate.html\" target=\"_blank\"><img loading=\"lazy\" decoding=\"async\" class=\"alignnone size-medium wp-image-67\" style=\"line-height: 1.5;\" src=\"http:\/\/www.cdxp.cz\/wp-content\/uploads\/2014\/03\/spiderbeam-300x64.gif\" alt=\"spiderbeam\" width=\"300\" height=\"64\" \/><\/a><\/p>\n<p align=\"center\"><a href=\"http:\/\/www.okdxf.eu\/\" target=\"_blank\"><img loading=\"lazy\" decoding=\"async\" class=\"alignnone size-full wp-image-142\" src=\"http:\/\/www.cdxp.cz\/wp-content\/uploads\/2014\/03\/okdxlogo.gif\" alt=\"okdxlogo\" width=\"150\" height=\"72\" \/><\/a><\/p>\n<p><a href=\"http:\/\/www.mastrant.com\/en\" target=\"_blank\"><img loading=\"lazy\" decoding=\"async\" class=\"aligncenter wp-image-408 size-medium\" src=\"http:\/\/www.cdxp.cz\/wp-content\/uploads\/2016\/11\/mastrant-e1478640040717.png\" alt=\"Screen Shot 2015-06-08 at 23.11.35\" width=\"300\" height=\"110\" \/><\/a><\/p>\n<p><a href=\"http:\/\/www.mdxc.org\" target=\"_blank\"><img loading=\"lazy\" decoding=\"async\" class=\"aligncenter size-thumbnail wp-image-178\" src=\"http:\/\/www.cdxp.cz\/wp-content\/uploads\/2014\/03\/MDXC-150x150.gif\" alt=\"MDXC\" width=\"150\" height=\"150\" srcset=\"https:\/\/www.cdxp.cz\/wp-content\/uploads\/2014\/03\/MDXC-150x150.gif 150w, https:\/\/www.cdxp.cz\/wp-content\/uploads\/2014\/03\/MDXC-300x300.gif 300w\" sizes=\"auto, (max-width: 150px) 100vw, 150px\" \/><\/a><br \/>\n<a href=\"http:\/\/wp.cdxc.org\"><img loading=\"lazy\" decoding=\"async\" class=\"aligncenter size-full wp-image-139\" src=\"http:\/\/www.cdxp.cz\/wp-content\/uploads\/2014\/03\/clipperton.jpg\" alt=\"Clipperton DX Club\" width=\"150\" height=\"113\" \/><\/a><\/p>\n<p align=\"center\"><strong>SPONSORS OVER 50 USD<\/strong><\/p>\n<p align=\"center\">4L5A, OK7GU, OK1FPG, OK1MY, OK2ZI, OK2FB, W6SZN, OK2PDN, OK1TN, DF4SA, N4II, VE3QAA, K4SV, OK2EW, KI8JP, KA1R, OK1MP, W4DAO,, W3LPL, N7NR, N5KUC, W0SZ, KI8JP, W9EWZ, SP5EWX, WC7Q, OK1TP, W6RS, NH6Y, OK1VK, HA5JI<\/p>\n<p align=\"center\"><strong> SPONSORS OVER 10 USD<\/strong><\/p>\n<p align=\"center\">LA7GIA, W1TC, LZ1MDU, W3RJW, VA3SB, V47JA, K1BZ, KD5M, K0OK. N1MD, DK2AMM ,NW6V, W4ASE, W5IZ, KQ2I, NI0C, K1PX, W0JMP, JH1QKG, WB6UTW, IK5BAF, N3OUC, K8YFM, R6FAA, DL5EBE, W8MIL, W7HB, JA1NVF, JA5AQC, K6AWR, W5UN, W4DJL, IK2FDV, UA6EX, I1YDT, OH1LAR, HS1NGR, N8BI, K0GK, NE1B, DJ8NT, W3KX, EA4DEI, AA6VB, KV0Q, EA4EER, W4CC, K7BV, JA7HYS, AA6RR, JA0CIU, JA0EOK, K8VFV, K5DC, PY5HOT, JF8QNF, OZ1LWT, IW3GRG, KD0PO, F5LVL, F4WBN, JA1PRV, WA3OFR, K1TGX, VK2PN, OE4AAC, KL0S, LA7THA, JH1XUM,N2TU,G3TQZ, KC2LRC, KA5V,G1GIL, NK5A, KY4P, K4KKL, K1UO, NX4DX, VA3EF, K4CA, 4X1RU, K6XT, K8KS, K1JX, W7AO, I0WDX, DL1BUG, OK7CM, PA3AKE, DL3BUE, SP5TT, DH0GHU, KR2Q, K0MB, KD8RQE, DF9ZP, K2KA, NF1G, OE6IMD, AF6PK, DK2TA, K5XI, UT3IJ, HB9BEM, LA7XK, ZL2IFB, OZ5UR, WA7BNG, W0LSD, IV3OKO, W9AJ, K6BV, ZS2I, JN3ONX, WX2S, OE9GHV, JF1UOW, JF1UOX , RA9CMO, K1CP, N0RB, K7BV, OK2RO, KK4OK, KK4OW, LU9FHF, PA2LO,NW6V,Jacques Comer Jr, W4ASE, JA1TD, N3OUC, W8UN , W5PJR, K9AW, WA3OFR, OH6QU, DL1DUO, EA2AA, OE9KBV, OK1AVG, KA1J, SQ3PMX, W8NOR, KH6U, ZL1AIX, OK1JR, G3RAU, KK4CB, ZP9MCE, VA3VET, KV4FZ, HB9CQL, SM7RYR, WA2TPU, JA2GDF, G3VDB, K4XL, OM5VS, G3VDB, F4GTB, IK2SND, EA3NW, IK6FTZ, VA3DF, F5CQ, WB8WIV, KG4W, G3VDB, JH2FXK, DL2OE, WS9V, K9JN, KK4OW, OM2FY, JH8NQV, JA2JW, WS5W, W9JL, IK5PWJ, K0PC, IU8FRF, AC4D, JA0ED, W4FNC,KK4OK, JH3SIF, VE1DXA, LB8DC, W0JX, WB4VMH, JA1GUC, KI4GE, K5ML, G0UII, JF1UVJ, N2ZX, IZ1GLT, NG0T, S55VM, W4NGR, EA6VQ,N4RJ, I7OEB, OK4MM, SV9CVY, IN3VZE, K5NOF, EA2KR, WX2S, W4KVS, SM1NJC,<\/p>\n<p>update 25\/10\/2016<\/p>\n","protected":false},"excerpt":{"rendered":"<p>Sponsors D66D Expedition 2016 SPONSORS OVER 50 USD 4L5A, OK7GU, OK1FPG, OK1MY, OK2ZI, OK2FB, W6SZN, OK2PDN, OK1TN, DF4SA, N4II, VE3QAA, K4SV, OK2EW, KI8JP, KA1R, OK1MP, W4DAO,, W3LPL, N7NR, N5KUC, W0SZ, KI8JP, W9EWZ, SP5EWX, WC7Q, OK1TP, W6RS, NH6Y, OK1VK, HA5JI SPONSORS OVER 10 USD LA7GIA, W1TC, LZ1MDU, W3RJW, VA3SB, V47JA, K1BZ, KD5M, K0OK. N1MD, DK2AMM ,NW6V, &hellip; <a href=\"https:\/\/www.cdxp.cz\/?page_id=751\" class=\"more-link\">Pokra\u010dov\u00e1n\u00ed textu <span class=\"screen-reader-text\">D6 sponsors<\/span> <span class=\"meta-nav\">&rarr;<\/span><\/a><\/p>\n","protected":false},"author":1,"featured_media":0,"parent":512,"menu_order":1,"comment_status":"closed","ping_status":"closed","template":"","meta":{"ngg_post_thumbnail":0,"footnotes":""},"class_list":["post-751","page","type-page","status-publish","hentry"],"_links":{"self":[{"href":"https:\/\/www.cdxp.cz\/index.php?rest_route=\/wp\/v2\/pages\/751","targetHints":{"allow":["GET"]}}],"collection":[{"href":"https:\/\/www.cdxp.cz\/index.php?rest_route=\/wp\/v2\/pages"}],"about":[{"href":"https:\/\/www.cdxp.cz\/index.php?rest_route=\/wp\/v2\/types\/page"}],"author":[{"embeddable":true,"href":"https:\/\/www.cdxp.cz\/index.php?rest_route=\/wp\/v2\/users\/1"}],"replies":[{"embeddable":true,"href":"https:\/\/www.cdxp.cz\/index.php?rest_route=%2Fwp%2Fv2%2Fcomments&post=751"}],"version-history":[{"count":5,"href":"https:\/\/www.cdxp.cz\/index.php?rest_route=\/wp\/v2\/pages\/751\/revisions"}],"predecessor-version":[{"id":1315,"href":"https:\/\/www.cdxp.cz\/index.php?rest_route=\/wp\/v2\/pages\/751\/revisions\/1315"}],"up":[{"embeddable":true,"href":"https:\/\/www.cdxp.cz\/index.php?rest_route=\/wp\/v2\/pages\/512"}],"wp:attachment":[{"href":"https:\/\/www.cdxp.cz\/index.php?rest_route=%2Fwp%2Fv2%2Fmedia&parent=751"}],"curies":[{"name":"wp","href":"https:\/\/api.w.org\/{rel}","templated":true}]}}