{"id":839,"date":"2017-05-21T07:02:38","date_gmt":"2017-05-21T05:02:38","guid":{"rendered":"http:\/\/www.cdxp.cz\/?page_id=839"},"modified":"2024-08-30T12:47:57","modified_gmt":"2024-08-30T10:47:57","slug":"mauritania-2017","status":"publish","type":"page","link":"https:\/\/www.cdxp.cz\/?page_id=839","title":{"rendered":"Mauritania 2017"},"content":{"rendered":"<p>&nbsp;<\/p>\n<p>Latest news &#8211; check please MENU button <strong>5T5OK NEWS<\/strong><\/p>\n<p>&nbsp;<\/p>\n<p><img loading=\"lazy\" decoding=\"async\" class=\"alignnone wp-image-841 size-medium\" src=\"http:\/\/www.cdxp.cz\/wp-content\/uploads\/2017\/05\/Screen-Shot-2017-05-20-at-12.18.49-277x300.png\" alt=\"\" width=\"277\" height=\"300\" srcset=\"https:\/\/www.cdxp.cz\/wp-content\/uploads\/2017\/05\/Screen-Shot-2017-05-20-at-12.18.49-277x300.png 277w, https:\/\/www.cdxp.cz\/wp-content\/uploads\/2017\/05\/Screen-Shot-2017-05-20-at-12.18.49.png 636w\" sizes=\"auto, (max-width: 277px) 100vw, 277px\" \/>\u00a0 <img loading=\"lazy\" decoding=\"async\" class=\"alignnone wp-image-840 size-medium\" src=\"http:\/\/www.cdxp.cz\/wp-content\/uploads\/2017\/05\/Screen-Shot-2017-05-20-at-12.16.17-300x199.png\" alt=\"\" width=\"300\" height=\"199\" srcset=\"https:\/\/www.cdxp.cz\/wp-content\/uploads\/2017\/05\/Screen-Shot-2017-05-20-at-12.16.17-300x199.png 300w, https:\/\/www.cdxp.cz\/wp-content\/uploads\/2017\/05\/Screen-Shot-2017-05-20-at-12.16.17-768x510.png 768w, https:\/\/www.cdxp.cz\/wp-content\/uploads\/2017\/05\/Screen-Shot-2017-05-20-at-12.16.17.png 892w\" sizes=\"auto, (max-width: 300px) 100vw, 300px\" \/><\/p>\n<p><strong>Dates:<\/strong>\u00a0 Arrival : 15th September , Departure : 29th\u00a0September<br \/>\n<strong>On air<\/strong>\u00a0<strong>approx:<\/strong> limited\/building up 16,17th, full operation planned from 18th\u00a0till 26th, limited\/dismantling 27th\/28th<\/p>\n<p><strong>Call sign:<\/strong>\u00a05T5OK<\/p>\n<p><strong>Operators: <\/strong>Petr OK1BOA, Palo OK1CRM, David OK6DJ,Petr OK1FCJ,Pavel OK1GK ,Ruda OK2ZA, Karel OK2ZI<\/p>\n<p><strong> DX pedition guest OPERATORS: <\/strong>Jean 5T0JL, Ahmad 5T2AI<\/p>\n<p><strong>We would like thanks to the both and especially to Jean for all help with 5T5OK. BIG THANK YOU<\/strong><\/p>\n<div>\n<p><b>Operation modes: \u00a0<\/b>SSB, CW, RTTY.<\/p>\n<p><b>Radios:<\/b>\u00a02 x Elecraft K3, 3 x Kenwood TS480, 1 x IC7300<\/p>\n<div>\u00a0<b>PA:<\/b>\u00a0no PA allowed, we play straight 100W only!<\/div>\n<div><\/div>\n<\/div>\n<div><b>Antennas:<\/b><\/div>\n<div>6m 5el YAGI<\/div>\n<div>20m-10m \u00a01x SpiderBeam, 1x HexBeam, 1x Ultrabeam 2el<\/div>\n<div>40m 4 square, vertical<\/div>\n<div>80m vertical with elevated radial<\/div>\n<div>160m toploaded vertical<\/div>\n<div>Receiving low bands: DHDL, beverages<\/div>\n<div><\/div>\n<div><strong>QSL<\/strong> via <strong>OK6DJ<\/strong>, OQRS, LOTW.<\/div>\n<div>\n<p class=\"p1\"><span class=\"s1\"><strong>OK6DJ QRZ address<\/strong>: David Beran, Dolni Kamenice 55, Holysov 34562, Czech Republic.<\/span><\/p>\n<\/div>\n<div>Help us reach our goal. Donate the DXpedition via paypal. Do not forget to provide your NAME and CALLSIGN and Email when donating:<\/div>\n<div>\n<p>E-mail:\u00a0<strong><a href=\"mailto:antsat@atlas.cz\">antsat (at) atlas (dot) cz<\/a>\u00a0<\/strong><\/p>\n<\/div>\n<p>&nbsp;<\/p>\n","protected":false},"excerpt":{"rendered":"<p>&nbsp; Latest news &#8211; check please MENU button 5T5OK NEWS &nbsp; \u00a0 Dates:\u00a0 Arrival : 15th September , Departure : 29th\u00a0September On air\u00a0approx: limited\/building up 16,17th, full operation planned from 18th\u00a0till 26th, limited\/dismantling 27th\/28th Call sign:\u00a05T5OK Operators: Petr OK1BOA, Palo OK1CRM, David OK6DJ,Petr OK1FCJ,Pavel OK1GK ,Ruda OK2ZA, Karel OK2ZI DX pedition guest OPERATORS: Jean 5T0JL, &hellip; <a href=\"https:\/\/www.cdxp.cz\/?page_id=839\" class=\"more-link\">Pokra\u010dov\u00e1n\u00ed textu <span class=\"screen-reader-text\">Mauritania 2017<\/span> <span class=\"meta-nav\">&rarr;<\/span><\/a><\/p>\n","protected":false},"author":1,"featured_media":0,"parent":0,"menu_order":13,"comment_status":"closed","ping_status":"closed","template":"","meta":{"ngg_post_thumbnail":0,"footnotes":""},"class_list":["post-839","page","type-page","status-publish","hentry"],"_links":{"self":[{"href":"https:\/\/www.cdxp.cz\/index.php?rest_route=\/wp\/v2\/pages\/839","targetHints":{"allow":["GET"]}}],"collection":[{"href":"https:\/\/www.cdxp.cz\/index.php?rest_route=\/wp\/v2\/pages"}],"about":[{"href":"https:\/\/www.cdxp.cz\/index.php?rest_route=\/wp\/v2\/types\/page"}],"author":[{"embeddable":true,"href":"https:\/\/www.cdxp.cz\/index.php?rest_route=\/wp\/v2\/users\/1"}],"replies":[{"embeddable":true,"href":"https:\/\/www.cdxp.cz\/index.php?rest_route=%2Fwp%2Fv2%2Fcomments&post=839"}],"version-history":[{"count":4,"href":"https:\/\/www.cdxp.cz\/index.php?rest_route=\/wp\/v2\/pages\/839\/revisions"}],"predecessor-version":[{"id":914,"href":"https:\/\/www.cdxp.cz\/index.php?rest_route=\/wp\/v2\/pages\/839\/revisions\/914"}],"wp:attachment":[{"href":"https:\/\/www.cdxp.cz\/index.php?rest_route=%2Fwp%2Fv2%2Fmedia&parent=839"}],"curies":[{"name":"wp","href":"https:\/\/api.w.org\/{rel}","templated":true}]}}