{"id":960,"date":"2018-01-14T17:54:47","date_gmt":"2018-01-14T16:54:47","guid":{"rendered":"http:\/\/www.cdxp.cz\/?p=960"},"modified":"2018-01-14T17:54:47","modified_gmt":"2018-01-14T16:54:47","slug":"qsl-manager-contact","status":"publish","type":"page","link":"https:\/\/www.cdxp.cz\/?page_id=960","title":{"rendered":"QSL Manager &#038; Contact"},"content":{"rendered":"<p><strong>OK6DJ<\/strong><br \/>\n<strong> David Beran<\/strong><br \/>\n<strong> Dolni Kamenice 55<\/strong><br \/>\n<strong> 34562 Holysov<\/strong><br \/>\n<strong> Czech Republic<\/strong><\/p>\n<p>&nbsp;<\/p>\n<p>Please use Clublog&#8217;s excellent OQRS to request your Direct or Bureau\u00a0 QSLs for all DXpedition. Please do NOT send cards through the Bureau or through the mail. Use OQRS instead! It&#8217;s so much easier, faster and cheaper.<\/p>\n<div>QSL via OK6DJ\/ OQRS Clublog\/direct\/Lotw\/eqsl, buro<\/div>\n<div><\/div>\n<p>QSL info\u00a0: 5V7P, D66D,\u00a0 Z21MG, PJ5\/OL8R, XT26DJ,\u00a0 XT2FCJ,\u00a0 ZA\/OK6DJ<\/p>\n<p>1.\u00a0OQRS &#8211; direct\u00a0QSO\u00a0to\u00a0LOTW\u00a0send\u00a0every month<\/p>\n<p>2. DIRECT\u00a0&#8211; minimum 3 Usd or new 2 IRC &#8211; accept expiring end 2017 &#8211;\u00a0QSO\u00a0to\u00a0LOTW , Eqsl.cc send 6. months<\/p>\n<p>3. No stamps accepted<\/p>\n<p>4. Lotw, Eqsl.cc\u00a0&#8211; upload all qso\u00a0 6 months<\/p>\n<p>5. OQRS\u00a0via buro 6 months<\/p>\n<p>6. Paper QSL via buro\u00a012 months<\/p>\n<p>EMAIL\u00a0<strong><a href=\"mailto:antsat@atlas.cz\">antsat (at) atlas (dot) cz<\/a>\u00a0\u00a0<\/strong><\/p>\n<p>&nbsp;<\/p>\n<h4>Group email to team members: info(at)cdxp.cz<\/h4>\n","protected":false},"excerpt":{"rendered":"<p>OK6DJ David Beran Dolni Kamenice 55 34562 Holysov Czech Republic &nbsp; Please use Clublog&#8217;s excellent OQRS to request your Direct or Bureau\u00a0 QSLs for all DXpedition. Please do NOT send cards through the Bureau or through the mail. Use OQRS instead! It&#8217;s so much easier, faster and cheaper. QSL via OK6DJ\/ OQRS Clublog\/direct\/Lotw\/eqsl, buro QSL &hellip; <a href=\"https:\/\/www.cdxp.cz\/?page_id=960\" class=\"more-link\">Pokra\u010dov\u00e1n\u00ed textu <span class=\"screen-reader-text\">QSL Manager &#038; Contact<\/span> <span class=\"meta-nav\">&rarr;<\/span><\/a><\/p>\n","protected":false},"author":1,"featured_media":0,"parent":885,"menu_order":0,"comment_status":"open","ping_status":"closed","template":"","meta":{"ngg_post_thumbnail":0,"footnotes":""},"class_list":["post-960","page","type-page","status-publish","hentry"],"_links":{"self":[{"href":"https:\/\/www.cdxp.cz\/index.php?rest_route=\/wp\/v2\/pages\/960","targetHints":{"allow":["GET"]}}],"collection":[{"href":"https:\/\/www.cdxp.cz\/index.php?rest_route=\/wp\/v2\/pages"}],"about":[{"href":"https:\/\/www.cdxp.cz\/index.php?rest_route=\/wp\/v2\/types\/page"}],"author":[{"embeddable":true,"href":"https:\/\/www.cdxp.cz\/index.php?rest_route=\/wp\/v2\/users\/1"}],"replies":[{"embeddable":true,"href":"https:\/\/www.cdxp.cz\/index.php?rest_route=%2Fwp%2Fv2%2Fcomments&post=960"}],"version-history":[{"count":1,"href":"https:\/\/www.cdxp.cz\/index.php?rest_route=\/wp\/v2\/pages\/960\/revisions"}],"predecessor-version":[{"id":961,"href":"https:\/\/www.cdxp.cz\/index.php?rest_route=\/wp\/v2\/pages\/960\/revisions\/961"}],"up":[{"embeddable":true,"href":"https:\/\/www.cdxp.cz\/index.php?rest_route=\/wp\/v2\/pages\/885"}],"wp:attachment":[{"href":"https:\/\/www.cdxp.cz\/index.php?rest_route=%2Fwp%2Fv2%2Fmedia&parent=960"}],"curies":[{"name":"wp","href":"https:\/\/api.w.org\/{rel}","templated":true}]}}